{"id":123,"date":"2025-12-11T14:01:17","date_gmt":"2025-12-11T14:01:17","guid":{"rendered":"https:\/\/urbanplace.pt\/index.php\/contatos\/"},"modified":"2026-01-09T21:00:15","modified_gmt":"2026-01-09T21:00:15","slug":"contatos","status":"publish","type":"page","link":"https:\/\/urbanplace.pt\/index.php\/contatos\/","title":{"rendered":"Contatos"},"content":{"rendered":"\n    \n    <section class=\"u-clearfix u-image u-shading u-section-2\" id=\"carousel_24a5\" data-image-width=\"5489\" data-image-height=\"3659\" style=\"background-image: linear-gradient(0deg, rgba(0, 0, 0, 0.65), rgba(0, 0, 0, 0.65)), url(&quot;https:\/\/urbanplace.pt\/wp-content\/uploads\/2025\/12\/young-female-designer-working-her-laptop.jpg&quot;);\">\n      <div class=\"u-clearfix u-sheet u-valign-bottom-lg u-valign-bottom-md u-valign-bottom-sm u-valign-bottom-xs u-sheet-1\">\n        <div class=\"data-layout-selected u-align-left u-clearfix u-expanded-width u-gutter-0 u-layout-wrap u-layout-wrap-1\">\n          <div class=\"u-layout\">\n            <div class=\"u-layout-row\">\n              <div class=\"u-align-left u-container-align-left u-container-style u-layout-cell u-left-cell u-size-27 u-layout-cell-1\">\n                <div class=\"u-container-layout u-container-layout-1\">\n                  <h2 class=\"u-align-left u-text u-text-1\">Contatos<br><span style=\"font-size: 1.5rem;\">Contacts<\/span>\n                    <br>\n                  <\/h2>\n                  <p class=\"u-align-left u-text u-text-2\">Respondemos em 24 horas.<br>\n                  <\/p>\n                  <div class=\"u-list u-list-1\">\n                    <div class=\"u-repeater u-repeater-1\">\n                      <div class=\"u-container-style u-list-item u-repeater-item u-shape-rectangle\">\n                        <div class=\"u-container-layout u-similar-container u-container-layout-2\">\n                          <h5 class=\"u-text u-text-3\"><span class=\"u-file-icon u-icon u-text-palette-3-base u-icon-1\"><img decoding=\"async\" src=\"https:\/\/urbanplace.pt\/wp-content\/uploads\/2025\/12\/3da3ecc0.png\" alt=\"\"><\/span>&nbsp;Contact Us \n                          <\/h5>\n                          <p class=\"u-text u-text-4\">\n                            <a href=\"mailto:geral@urbanplace.pt?subject=Pedido%20de%20Or%C3%A7amento\" class=\"u-active-none u-border-none u-btn u-button-link u-button-style u-hover-none u-none u-text-palette-1-base u-btn-1\">geral@urbanplace.pt<\/a>\n                            <br>+351 966 191 376 \n                          <\/p>\n                        <\/div>\n                      <\/div>\n                      <div class=\"u-container-style u-list-item u-repeater-item u-shape-rectangle\">\n                        <div class=\"u-container-layout u-similar-container u-container-layout-3\">\n                          <h5 class=\"u-text u-text-5\">\n                            <a class=\"u-active-none u-border-none u-btn u-button-link u-button-style u-hover-none u-none u-text-body-alt-color u-text-hover-custom-color-5 u-btn-2\" href=\"https:\/\/maps.app.goo.gl\/YxWswQrEpCso8JX57\" target=\"_blank\"><span class=\"u-file-icon u-icon u-text-palette-3-base u-icon-2\"><img decoding=\"async\" src=\"https:\/\/urbanplace.pt\/wp-content\/uploads\/2025\/12\/a71d61bb.png\" alt=\"\"><\/span>&nbsp;Click to Google Maps \n                            <\/a>\n                          <\/h5>\n                          <p class=\"u-text u-text-6\">\n                            <a class=\"u-active-none u-border-none u-btn u-button-link u-button-style u-none u-text-hover-custom-color-5 u-text-white u-btn-3\" href=\"https:\/\/maps.app.goo.gl\/YxWswQrEpCso8JX57\" target=\"_blank\">Lisboa - Lisbon<\/a>\n                          <\/p>\n                        <\/div>\n                      <\/div>\n                      <div class=\"u-container-style u-list-item u-repeater-item u-shape-rectangle\">\n                        <div class=\"u-container-layout u-similar-container u-container-layout-4\">\n                          <h5 class=\"u-text u-text-7\"><span class=\"u-file-icon u-icon u-text-palette-3-base u-icon-3\"><img decoding=\"async\" src=\"https:\/\/urbanplace.pt\/wp-content\/uploads\/2025\/12\/72648669.png\" alt=\"\"><\/span>&nbsp;Hor\u00e1rio \n                          <\/h5>\n                          <p class=\"u-text u-text-8\">Dias \u00dateis das 9 \u00e1s 18 Horas <br>Weekdays from 9 AM to 6 PM \n                          <\/p>\n                        <\/div>\n                      <\/div>\n                    <\/div>\n                  <\/div>\n                  <div class=\"u-align-left u-social-icons u-social-icons-1\">\n                    <a class=\"u-social-url\" target=\"_blank\" href=\"https:\/\/www.instagram.com\/urbanplacedesign\/\" title=\"Instagram\"><span class=\"u-file-icon u-icon u-social-icon u-social-instagram u-icon-4\"><img decoding=\"async\" src=\"https:\/\/urbanplace.pt\/wp-content\/uploads\/2025\/12\/3955024.png\" alt=\"\"><\/span>\n                    <\/a>\n                    <a class=\"u-social-url\" target=\"_blank\" href=\"www.linkedin.com\/in\/bruno-mota-99092659\" title=\"Linkedin\"><span class=\"u-icon u-icon-circle u-social-icon u-social-linkedin u-icon-5\"><svg class=\"u-svg-link\" preserveAspectRatio=\"xMidYMin slice\" viewBox=\"0 0 112 112\" style=\"\"><use xmlns:xlink=\"http:\/\/www.w3.org\/1999\/xlink\" xlink:href=\"#svg-3d57\"><\/use><\/svg><svg x=\"0px\" y=\"0px\" viewBox=\"0 0 112 112\" id=\"svg-3d57\" class=\"u-svg-content\"><circle fill=\"#007AB9\" cx=\"56.1\" cy=\"56.1\" r=\"55\"><\/circle><path fill=\"#FFFFFF\" d=\"M41.3,83.7H27.9V43.4h13.4V83.7z M34.6,37.9L34.6,37.9c-4.6,0-7.5-3.1-7.5-7c0-4,3-7,7.6-7s7.4,3,7.5,7\n            C42.2,34.8,39.2,37.9,34.6,37.9z M89.6,83.7H76.2V62.2c0-5.4-1.9-9.1-6.8-9.1c-3.7,0-5.9,2.5-6.9,4.9c-0.4,0.9-0.4,2.1-0.4,3.3v22.5\n            H48.7c0,0,0.2-36.5,0-40.3h13.4v5.7c1.8-2.7,5-6.7,12.1-6.7c8.8,0,15.4,5.8,15.4,18.1V83.7z\"><\/path><\/svg><\/span>\n                    <\/a>\n                    <a class=\"u-social-url\" target=\"_blank\" data-type=\"Whatsapp\" title=\"Whatsapp\" href=\"https:\/\/wa.me\/351966191376\"><span class=\"u-icon u-social-icon u-social-whatsapp u-icon-6\"><svg class=\"u-svg-link\" preserveAspectRatio=\"xMidYMin slice\" viewBox=\"0 0 112 112\" style=\"\"><use xmlns:xlink=\"http:\/\/www.w3.org\/1999\/xlink\" xlink:href=\"#svg-9bb3\"><\/use><\/svg><svg class=\"u-svg-content\" viewBox=\"0 0 112 112\" x=\"0\" y=\"0\" id=\"svg-9bb3\"><circle fill=\"currentColor\" cx=\"56.1\" cy=\"56.1\" r=\"55\"><\/circle><path fill=\"#FFFFFF\" d=\"M83.8,28.3C77.2,21.7,68.4,18,59,18c-19.3,0-35.1,15.7-35.1,35.1c0,6.2,1.6,12.2,4.7,17.5l-5,18.2L42.2,84\n\tc5.1,2.8,10.9,4.3,16.8,4.3h0l0,0c19.3,0,35.1-15.7,35.1-35.1C94.1,43.8,90.5,35,83.8,28.3 M59,82.3L59,82.3\n\tc-5.2,0-10.4-1.4-14.9-4.1l-1.1-0.6l-11,2.9L35,69.8l-0.7-1.1c-2.9-4.6-4.5-10-4.5-15.5C29.8,37,42.9,24,59,24\n\tc7.8,0,15.1,3,20.6,8.6c5.5,5.5,8.5,12.8,8.5,20.6C88.2,69.2,75.1,82.3,59,82.3 M75,60.5c-0.9-0.4-5.2-2.6-6-2.9\n\tc-0.8-0.3-1.4-0.4-2,0.4s-2.3,2.9-2.8,3.4c-0.5,0.6-1,0.7-1.9,0.2c-0.9-0.4-3.7-1.4-7.1-4.4c-2.6-2.3-4.4-5.2-4.9-6.1\n\tc-0.5-0.9-0.1-1.4,0.4-1.8c0.4-0.4,0.9-1,1.3-1.5c0.4-0.5,0.6-0.9,0.9-1.5c0.3-0.6,0.1-1.1-0.1-1.5c-0.2-0.4-2-4.8-2.7-6.5\n\tc-0.7-1.7-1.4-1.5-2-1.5c-0.5,0-1.1,0-1.7,0c-0.6,0-1.5,0.2-2.3,1.1c-0.8,0.9-3.1,3-3.1,7.3c0,4.3,3.1,8.5,3.6,9.1\n\tc0.4,0.6,6.2,9.4,15,13.2c2.1,0.9,3.7,1.4,5,1.8c2.1,0.7,4,0.6,5.5,0.3c1.7-0.3,5.2-2.1,5.9-4.2c0.7-2,0.7-3.8,0.5-4.2\n\tC76.5,61.1,75.9,60.9,75,60.5\"><\/path><\/svg><\/span>\n                    <\/a>\n                  <\/div>\n                  <a href=\"mailto:geral@urbanplace.pt?subject=Pedido%20de%20Contacto\" class=\"u-align-left u-border-none u-btn u-btn-round u-button-style u-hover-palette-1-light-1 u-palette-3-base u-radius u-btn-4\">Pedido de Informa\u00e7\u00e3o<\/a>\n                <\/div>\n              <\/div>\n              <div class=\"u-container-style u-layout-cell u-right-cell u-size-33 u-layout-cell-2\">\n                <div class=\"u-container-layout u-valign-top-lg u-valign-top-md u-valign-top-sm u-valign-top-xs u-container-layout-5\">\n                  <div class=\"custom-expanded u-form u-form-1\">\n                    <form action=\"https:\/\/service.nicepagesrv.com\/form\/v4\/form-process\" class=\"u-clearfix u-form-spacing-10 u-form-vertical u-inner-form\" source=\"email\" name=\"form\" style=\"padding: 10px;\">\n                      <div class=\"u-form-group u-form-name\">\n                        <label for=\"name-fe2a\" class=\"u-label\">Nome<\/label>\n                        <input type=\"text\" placeholder=\"Insira seu Nome\" id=\"name-fe2a\" name=\"name\" class=\"u-input u-input-rectangle u-radius u-input-1\" required=\"\">\n                      <\/div>\n                      <div class=\"u-form-email u-form-group\">\n                        <label for=\"email-fe2a\" class=\"u-label\">Email<\/label>\n                        <input type=\"email\" placeholder=\"Insira um endere\u00e7o de email v\u00e1lido\" id=\"email-fe2a\" name=\"email\" class=\"u-input u-input-rectangle u-radius u-input-2\" required=\"\">\n                      <\/div>\n                      <div class=\"u-form-group u-form-message\">\n                        <label for=\"message-fe2a\" class=\"u-label\">Mensagem<\/label>\n                        <textarea placeholder=\"Insira sua mensagem\" rows=\"10\" cols=\"50\" id=\"message-fe2a\" name=\"message\" class=\"u-input u-input-rectangle u-radius u-input-3\" required=\"\" maxlength=\"100\"><\/textarea>\n                      <\/div>\n                      <div class=\"u-align-left u-form-group u-form-submit\">\n                        <a href=\"#\" class=\"u-btn u-btn-submit u-button-style\">Enviar<\/a>\n                        <input type=\"submit\" value=\"submit\" class=\"u-form-control-hidden\">\n                      <\/div>\n                      <div class=\"u-form-send-message u-form-send-success\"> Obrigado! A sua mensagem foi enviada. <\/div>\n                      <div class=\"u-form-send-error u-form-send-message\"> N\u00e3o foi poss\u00edvel enviar a sua mensagem. Por favor, corrija os erros e tente novamente. <\/div>\n                      <input type=\"hidden\" value=\"\" name=\"recaptchaResponse\">\n                      <input type=\"hidden\" name=\"formServices\" value=\"3f9139aa-9d97-3d72-59ae-9a530e3339bd\">\n                    <\/form>\n                  <\/div>\n                <\/div>\n              <\/div>\n            <\/div>\n          <\/div>\n        <\/div>\n      <\/div>\n    <\/section>\n    \n    \n    \n    \n  \n","protected":false},"excerpt":{"rendered":"<p>ContatosContacts Respondemos em 24 horas. &nbsp;Contact Us geral@urbanplace.pt +351 966 191 376 &nbsp;Click to Google Maps Lisboa &#8211; Lisbon &nbsp;Hor\u00e1rio Dias \u00dateis das 9 \u00e1s 18 Horas Weekdays from 9 AM to 6 PM Pedido de Informa\u00e7\u00e3o Nome Email Mensagem Enviar Obrigado! A sua mensagem foi enviada. N\u00e3o foi poss\u00edvel enviar a sua mensagem. Por &hellip; <a href=\"https:\/\/urbanplace.pt\/index.php\/contatos\/\" class=\"more-link\">Continue reading<span class=\"screen-reader-text\"> &#8220;Contatos&#8221;<\/span><\/a><\/p>\n","protected":false},"author":1,"featured_media":0,"parent":0,"menu_order":2,"comment_status":"closed","ping_status":"closed","template":"","meta":{"footnotes":""},"class_list":["post-123","page","type-page","status-publish","hentry"],"yoast_head":"<!-- This site is optimized with the Yoast SEO plugin v27.4 - https:\/\/yoast.com\/product\/yoast-seo-wordpress\/ -->\n<title>Contactos | Urban Place<\/title>\n<meta name=\"description\" content=\"Entre em contacto com a Urban Place, ag\u00eancia de publicidade em Lisboa. Fale connosco para projetos de design, branding e comunica\u00e7\u00e3o.\" \/>\n<meta name=\"robots\" content=\"index, follow, max-snippet:-1, max-image-preview:large, max-video-preview:-1\" \/>\n<link rel=\"canonical\" href=\"https:\/\/urbanplace.pt\/index.php\/contatos\/\" \/>\n<meta property=\"og:locale\" content=\"pt_PT\" \/>\n<meta property=\"og:type\" content=\"article\" \/>\n<meta property=\"og:title\" content=\"Contactos | Urban Place\" \/>\n<meta property=\"og:description\" content=\"Entre em contacto com a Urban Place, ag\u00eancia de publicidade em Lisboa. Fale connosco para projetos de design, branding e comunica\u00e7\u00e3o.\" \/>\n<meta property=\"og:url\" content=\"https:\/\/urbanplace.pt\/index.php\/contatos\/\" \/>\n<meta property=\"og:site_name\" content=\"Ag\u00eancia de Publicidade - Urban Place\" \/>\n<meta property=\"article:modified_time\" content=\"2026-01-09T21:00:15+00:00\" \/>\n<meta property=\"og:image\" content=\"https:\/\/urbanplace.pt\/wp-content\/uploads\/2025\/12\/logo-web-39-scaled.jpg\" \/>\n\t<meta property=\"og:image:width\" content=\"2560\" \/>\n\t<meta property=\"og:image:height\" content=\"1440\" \/>\n\t<meta property=\"og:image:type\" content=\"image\/jpeg\" \/>\n<meta name=\"twitter:card\" content=\"summary_large_image\" \/>\n<meta name=\"twitter:label1\" content=\"Tempo estimado de leitura\" \/>\n\t<meta name=\"twitter:data1\" content=\"2 minutos\" \/>\n<script type=\"application\/ld+json\" class=\"yoast-schema-graph\">{\"@context\":\"https:\\\/\\\/schema.org\",\"@graph\":[{\"@type\":\"WebPage\",\"@id\":\"https:\\\/\\\/urbanplace.pt\\\/index.php\\\/contatos\\\/\",\"url\":\"https:\\\/\\\/urbanplace.pt\\\/index.php\\\/contatos\\\/\",\"name\":\"Contactos | Urban Place\",\"isPartOf\":{\"@id\":\"https:\\\/\\\/urbanplace.pt\\\/#website\"},\"datePublished\":\"2025-12-11T14:01:17+00:00\",\"dateModified\":\"2026-01-09T21:00:15+00:00\",\"description\":\"Entre em contacto com a Urban Place, ag\u00eancia de publicidade em Lisboa. Fale connosco para projetos de design, branding e comunica\u00e7\u00e3o.\",\"breadcrumb\":{\"@id\":\"https:\\\/\\\/urbanplace.pt\\\/index.php\\\/contatos\\\/#breadcrumb\"},\"inLanguage\":\"pt-PT\",\"potentialAction\":[{\"@type\":\"ReadAction\",\"target\":[\"https:\\\/\\\/urbanplace.pt\\\/index.php\\\/contatos\\\/\"]}]},{\"@type\":\"BreadcrumbList\",\"@id\":\"https:\\\/\\\/urbanplace.pt\\\/index.php\\\/contatos\\\/#breadcrumb\",\"itemListElement\":[{\"@type\":\"ListItem\",\"position\":1,\"name\":\"In\u00edcio\",\"item\":\"https:\\\/\\\/urbanplace.pt\\\/\"},{\"@type\":\"ListItem\",\"position\":2,\"name\":\"Contatos\"}]},{\"@type\":\"WebSite\",\"@id\":\"https:\\\/\\\/urbanplace.pt\\\/#website\",\"url\":\"https:\\\/\\\/urbanplace.pt\\\/\",\"name\":\"Ag\u00eancia de Publicidade - Urban Place\",\"description\":\"Somos uma ag\u00eancia de Comunica\u00e7\u00e3o. Design e Imagem. Veja os nossos servi\u00e7os e onde podemos ajudar.\",\"publisher\":{\"@id\":\"https:\\\/\\\/urbanplace.pt\\\/#organization\"},\"alternateName\":\"Urban Place\",\"potentialAction\":[{\"@type\":\"SearchAction\",\"target\":{\"@type\":\"EntryPoint\",\"urlTemplate\":\"https:\\\/\\\/urbanplace.pt\\\/?s={search_term_string}\"},\"query-input\":{\"@type\":\"PropertyValueSpecification\",\"valueRequired\":true,\"valueName\":\"search_term_string\"}}],\"inLanguage\":\"pt-PT\"},{\"@type\":\"Organization\",\"@id\":\"https:\\\/\\\/urbanplace.pt\\\/#organization\",\"name\":\"Urban Place\",\"url\":\"https:\\\/\\\/urbanplace.pt\\\/\",\"logo\":{\"@type\":\"ImageObject\",\"inLanguage\":\"pt-PT\",\"@id\":\"https:\\\/\\\/urbanplace.pt\\\/#\\\/schema\\\/logo\\\/image\\\/\",\"url\":\"https:\\\/\\\/urbanplace.pt\\\/wp-content\\\/uploads\\\/2025\\\/12\\\/cartoespessoaisurbanplaceedesign2021-221-1.png\",\"contentUrl\":\"https:\\\/\\\/urbanplace.pt\\\/wp-content\\\/uploads\\\/2025\\\/12\\\/cartoespessoaisurbanplaceedesign2021-221-1.png\",\"width\":644,\"height\":128,\"caption\":\"Urban Place\"},\"image\":{\"@id\":\"https:\\\/\\\/urbanplace.pt\\\/#\\\/schema\\\/logo\\\/image\\\/\"},\"sameAs\":[\"https:\\\/\\\/www.instagram.com\\\/urbanplacedesign\\\/\"]}]}<\/script>\n<!-- \/ Yoast SEO plugin. -->","yoast_head_json":{"title":"Contactos | Urban Place","description":"Entre em contacto com a Urban Place, ag\u00eancia de publicidade em Lisboa. Fale connosco para projetos de design, branding e comunica\u00e7\u00e3o.","robots":{"index":"index","follow":"follow","max-snippet":"max-snippet:-1","max-image-preview":"max-image-preview:large","max-video-preview":"max-video-preview:-1"},"canonical":"https:\/\/urbanplace.pt\/index.php\/contatos\/","og_locale":"pt_PT","og_type":"article","og_title":"Contactos | Urban Place","og_description":"Entre em contacto com a Urban Place, ag\u00eancia de publicidade em Lisboa. Fale connosco para projetos de design, branding e comunica\u00e7\u00e3o.","og_url":"https:\/\/urbanplace.pt\/index.php\/contatos\/","og_site_name":"Ag\u00eancia de Publicidade - Urban Place","article_modified_time":"2026-01-09T21:00:15+00:00","og_image":[{"width":2560,"height":1440,"url":"https:\/\/urbanplace.pt\/wp-content\/uploads\/2025\/12\/logo-web-39-scaled.jpg","type":"image\/jpeg"}],"twitter_card":"summary_large_image","twitter_misc":{"Tempo estimado de leitura":"2 minutos"},"schema":{"@context":"https:\/\/schema.org","@graph":[{"@type":"WebPage","@id":"https:\/\/urbanplace.pt\/index.php\/contatos\/","url":"https:\/\/urbanplace.pt\/index.php\/contatos\/","name":"Contactos | Urban Place","isPartOf":{"@id":"https:\/\/urbanplace.pt\/#website"},"datePublished":"2025-12-11T14:01:17+00:00","dateModified":"2026-01-09T21:00:15+00:00","description":"Entre em contacto com a Urban Place, ag\u00eancia de publicidade em Lisboa. Fale connosco para projetos de design, branding e comunica\u00e7\u00e3o.","breadcrumb":{"@id":"https:\/\/urbanplace.pt\/index.php\/contatos\/#breadcrumb"},"inLanguage":"pt-PT","potentialAction":[{"@type":"ReadAction","target":["https:\/\/urbanplace.pt\/index.php\/contatos\/"]}]},{"@type":"BreadcrumbList","@id":"https:\/\/urbanplace.pt\/index.php\/contatos\/#breadcrumb","itemListElement":[{"@type":"ListItem","position":1,"name":"In\u00edcio","item":"https:\/\/urbanplace.pt\/"},{"@type":"ListItem","position":2,"name":"Contatos"}]},{"@type":"WebSite","@id":"https:\/\/urbanplace.pt\/#website","url":"https:\/\/urbanplace.pt\/","name":"Ag\u00eancia de Publicidade - Urban Place","description":"Somos uma ag\u00eancia de Comunica\u00e7\u00e3o. Design e Imagem. Veja os nossos servi\u00e7os e onde podemos ajudar.","publisher":{"@id":"https:\/\/urbanplace.pt\/#organization"},"alternateName":"Urban Place","potentialAction":[{"@type":"SearchAction","target":{"@type":"EntryPoint","urlTemplate":"https:\/\/urbanplace.pt\/?s={search_term_string}"},"query-input":{"@type":"PropertyValueSpecification","valueRequired":true,"valueName":"search_term_string"}}],"inLanguage":"pt-PT"},{"@type":"Organization","@id":"https:\/\/urbanplace.pt\/#organization","name":"Urban Place","url":"https:\/\/urbanplace.pt\/","logo":{"@type":"ImageObject","inLanguage":"pt-PT","@id":"https:\/\/urbanplace.pt\/#\/schema\/logo\/image\/","url":"https:\/\/urbanplace.pt\/wp-content\/uploads\/2025\/12\/cartoespessoaisurbanplaceedesign2021-221-1.png","contentUrl":"https:\/\/urbanplace.pt\/wp-content\/uploads\/2025\/12\/cartoespessoaisurbanplaceedesign2021-221-1.png","width":644,"height":128,"caption":"Urban Place"},"image":{"@id":"https:\/\/urbanplace.pt\/#\/schema\/logo\/image\/"},"sameAs":["https:\/\/www.instagram.com\/urbanplacedesign\/"]}]}},"jetpack_sharing_enabled":true,"_links":{"self":[{"href":"https:\/\/urbanplace.pt\/index.php\/wp-json\/wp\/v2\/pages\/123","targetHints":{"allow":["GET"]}}],"collection":[{"href":"https:\/\/urbanplace.pt\/index.php\/wp-json\/wp\/v2\/pages"}],"about":[{"href":"https:\/\/urbanplace.pt\/index.php\/wp-json\/wp\/v2\/types\/page"}],"author":[{"embeddable":true,"href":"https:\/\/urbanplace.pt\/index.php\/wp-json\/wp\/v2\/users\/1"}],"replies":[{"embeddable":true,"href":"https:\/\/urbanplace.pt\/index.php\/wp-json\/wp\/v2\/comments?post=123"}],"version-history":[{"count":3,"href":"https:\/\/urbanplace.pt\/index.php\/wp-json\/wp\/v2\/pages\/123\/revisions"}],"predecessor-version":[{"id":254,"href":"https:\/\/urbanplace.pt\/index.php\/wp-json\/wp\/v2\/pages\/123\/revisions\/254"}],"wp:attachment":[{"href":"https:\/\/urbanplace.pt\/index.php\/wp-json\/wp\/v2\/media?parent=123"}],"curies":[{"name":"wp","href":"https:\/\/api.w.org\/{rel}","templated":true}]}}